{"id":9831,"date":"2023-04-29T12:11:40","date_gmt":"2023-04-29T15:11:40","guid":{"rendered":"https:\/\/logdeargentina.com.ar\/wp\/?page_id=9831"},"modified":"2023-05-30T14:23:46","modified_gmt":"2023-05-30T17:23:46","slug":"nl-lu1vz-70o-aniversario-radio-club-bariloche","status":"publish","type":"page","link":"https:\/\/logdeargentina.com.ar\/wp\/?page_id=9831","title":{"rendered":"| LU1VZ | 70\u00ba Aniversario Radio Club Bariloche"},"content":{"rendered":"<div id=\"pl-gb9831-69e15a2ed575f\"  class=\"panel-layout\" ><div id=\"pg-gb9831-69e15a2ed575f-0\"  class=\"panel-grid panel-no-style\" ><div id=\"pgc-gb9831-69e15a2ed575f-0-0\"  class=\"panel-grid-cell\" ><div id=\"panel-gb9831-69e15a2ed575f-0-0-0\" class=\"so-panel widget panel-first-child\" data-index=\"0\" ><\/div><div id=\"panel-gb9831-69e15a2ed575f-0-0-1\" class=\"so-panel widget panel-last-child\" data-index=\"1\" ><\/div><\/div><\/div><div id=\"pg-gb9831-69e15a2ed575f-1\"  class=\"panel-grid panel-no-style\" ><div id=\"pgc-gb9831-69e15a2ed575f-1-0\"  class=\"panel-grid-cell\" ><div id=\"panel-gb9831-69e15a2ed575f-1-0-0\" class=\"so-panel widget panel-first-child panel-last-child\" data-index=\"2\" ><\/div><\/div><\/div><div id=\"pg-gb9831-69e15a2ed575f-2\"  class=\"panel-grid panel-no-style\" ><div id=\"pgc-gb9831-69e15a2ed575f-2-0\"  class=\"panel-grid-cell\" ><div id=\"panel-gb9831-69e15a2ed575f-2-0-0\" class=\"so-panel widget panel-first-child panel-last-child\" data-index=\"3\" ><\/div><\/div><\/div><div id=\"pg-gb9831-69e15a2ed575f-3\"  class=\"panel-grid panel-no-style\" ><div id=\"pgc-gb9831-69e15a2ed575f-3-0\"  class=\"panel-grid-cell\" ><div id=\"panel-gb9831-69e15a2ed575f-3-0-0\" class=\"so-panel widget panel-first-child\" data-index=\"4\" ><\/div><div id=\"panel-gb9831-69e15a2ed575f-3-0-1\" class=\"so-panel widget widget_text\" data-index=\"5\" ><div class=\"panel-widget-style panel-widget-style-for-gb9831-69e15a2ed575f-3-0-1\" >\t\t\t<div class=\"textwidget\"><p><strong>Los contactos subidos por las estaciones a LdA son exclusiva responsabilidad de las mismas. Si ha detectado una mala carga de alg\u00fan QSO en particular no es LdA quien debe solucionar el problema. P\u00f3ngase en contacto con la instituci\u00f3n organizadora a tal fin o con la estaci\u00f3n contactada buscando sus datos en\u00a0 <a href=\"https:\/\/logdeargentina.com.ar\/wp\/?page_id=17\" target=\"_blank\" rel=\"noopener\">USUARIOS DE LdA.<\/a><\/strong><\/p>\n<\/div>\n\t\t<\/div><\/div><div id=\"panel-gb9831-69e15a2ed575f-3-0-2\" class=\"so-panel widget widget_text panel-last-child\" data-index=\"6\" ><div class=\"panel-widget-style panel-widget-style-for-gb9831-69e15a2ed575f-3-0-2\" >\t\t\t<div class=\"textwidget\"><p><em><strong>\u00abEl certificado es v\u00e1lido para la comprobaci\u00f3n de actividad de radioaficionado.\u00bb<\/strong><\/em><\/p>\n<\/div>\n\t\t<\/div><\/div><\/div><\/div><\/div>\n\n\n<hr class=\"wp-block-separator has-text-color has-luminous-vivid-orange-color has-css-opacity has-luminous-vivid-orange-background-color has-background is-style-wide\"\/>\n\n\n<div id=\"pl-gb9831-69e15a2ed6c7c\"  class=\"panel-layout\" ><div id=\"pg-gb9831-69e15a2ed6c7c-0\"  class=\"panel-grid panel-no-style\" ><div id=\"pgc-gb9831-69e15a2ed6c7c-0-0\"  class=\"panel-grid-cell\" ><div id=\"panel-gb9831-69e15a2ed6c7c-0-0-0\" class=\"so-panel widget panel-first-child panel-last-child\" data-index=\"0\" ><\/div><\/div><\/div><\/div>\n\n\n\n\n<pre class=\"wp-block-preformatted\">CA1HDG CA3YHQ CX5ACG <strong>L7\u00d8V <\/strong>LP1A LP4E LR1D LR9D LU1COP LU1DAS LU1DMF LU1HEC LU1MNV LU1SYL LU1UDP <strong>LU1VAK LU1VAP LU1VBM LU1VDF LU1VKQ<\/strong> LU1VYL LU1VZ LU1XJJ LU2ELZ LU2HYL LU2LMA <strong>LU2VPG LU2VYL<\/strong> LU3FCA LU3VAL <strong>LU3VAX <\/strong>LU3YLF LU4EZ LU4JVE LU4RAN LU5HCV LU5UFM LU6ECO LU6RAN LU7FW LU8DOC LU8GCJ LU8NK LU8NV LU8SAN <strong>LU8VAS<\/strong> LU9ALS LU9DX LU9MZO LU9MZY LU9PZO LU9SOJ LU9TUX <strong>LU9VCT LU9VYY <\/strong>LV1S LV7H LW3EXJ LW4EIN LW7DYP<\/pre>\n\n\n\n<div style=\"height:20px\" aria-hidden=\"true\" class=\"wp-block-spacer\"><\/div>\n\n\n<div id=\"pl-gb9831-69e15a2ed75c3\"  class=\"panel-layout wp-block-siteorigin-panels-layout-block\" ><div id=\"pg-gb9831-69e15a2ed75c3-0\"  class=\"panel-grid panel-no-style\" ><div id=\"pgc-gb9831-69e15a2ed75c3-0-0\"  class=\"panel-grid-cell\" ><div id=\"panel-gb9831-69e15a2ed75c3-0-0-0\" class=\"so-panel widget panel-first-child panel-last-child\" data-index=\"0\" ><\/div><\/div><\/div><\/div>","protected":false},"excerpt":{"rendered":"<p>CA1HDG CA3YHQ CX5ACG L7\u00d8V LP1A LP4E LR1D LR9D LU1COP LU1DAS LU1DMF LU1HEC LU1MNV LU1SYL LU1UDP LU1VAK LU1VAP LU1VBM LU1VDF LU1VKQ LU1VYL LU1VZ LU1XJJ LU2ELZ LU2HYL LU2LMA LU2VPG LU2VYL LU3FCA LU3VAL&hellip; <\/p>\n","protected":false},"author":3,"featured_media":0,"parent":71,"menu_order":0,"comment_status":"closed","ping_status":"closed","template":"","meta":[],"_links":{"self":[{"href":"https:\/\/logdeargentina.com.ar\/wp\/index.php?rest_route=\/wp\/v2\/pages\/9831"}],"collection":[{"href":"https:\/\/logdeargentina.com.ar\/wp\/index.php?rest_route=\/wp\/v2\/pages"}],"about":[{"href":"https:\/\/logdeargentina.com.ar\/wp\/index.php?rest_route=\/wp\/v2\/types\/page"}],"author":[{"embeddable":true,"href":"https:\/\/logdeargentina.com.ar\/wp\/index.php?rest_route=\/wp\/v2\/users\/3"}],"replies":[{"embeddable":true,"href":"https:\/\/logdeargentina.com.ar\/wp\/index.php?rest_route=%2Fwp%2Fv2%2Fcomments&post=9831"}],"version-history":[{"count":8,"href":"https:\/\/logdeargentina.com.ar\/wp\/index.php?rest_route=\/wp\/v2\/pages\/9831\/revisions"}],"predecessor-version":[{"id":10027,"href":"https:\/\/logdeargentina.com.ar\/wp\/index.php?rest_route=\/wp\/v2\/pages\/9831\/revisions\/10027"}],"up":[{"embeddable":true,"href":"https:\/\/logdeargentina.com.ar\/wp\/index.php?rest_route=\/wp\/v2\/pages\/71"}],"wp:attachment":[{"href":"https:\/\/logdeargentina.com.ar\/wp\/index.php?rest_route=%2Fwp%2Fv2%2Fmedia&parent=9831"}],"curies":[{"name":"wp","href":"https:\/\/api.w.org\/{rel}","templated":true}]}}