{"id":11569,"date":"2024-11-08T22:50:04","date_gmt":"2024-11-09T01:50:04","guid":{"rendered":"https:\/\/logdeargentina.com.ar\/wp\/?page_id=11569"},"modified":"2024-11-30T15:46:24","modified_gmt":"2024-11-30T18:46:24","slug":"lu1vof-primer-encuentro-provincial-de-radioclubes-y-radioaficionados-activacion-empalme-def-038-v-2","status":"publish","type":"page","link":"https:\/\/logdeargentina.com.ar\/wp\/?page_id=11569","title":{"rendered":"( LU1VOF ) \u00abPRIMER ENCUENTRO PROVINCIAL DE RADIOCLUBES Y RADIOAFICIONADOS &#8211; ACTIVACI\u00d3N EMPALME DEF 038 V\u00bb"},"content":{"rendered":"\n<p><\/p>\n\n\n\n<p><\/p>\n\n\n\n<p><\/p>\n\n\n<div id=\"pl-gb11569-69e4aa0c1d88a\"  class=\"panel-layout wp-block-siteorigin-panels-layout-block panel-layout\" ><div id=\"pg-gb11569-69e4aa0c1d88a-0\"  class=\"panel-grid panel-no-style\" ><div id=\"pgc-gb11569-69e4aa0c1d88a-0-0\"  class=\"panel-grid-cell\" ><div id=\"panel-gb11569-69e4aa0c1d88a-0-0-0\" class=\"so-panel widget panel-first-child\" data-index=\"0\" ><\/div><div id=\"panel-gb11569-69e4aa0c1d88a-0-0-1\" class=\"so-panel widget panel-last-child\" data-index=\"1\" ><\/div><\/div><\/div><div id=\"pg-gb11569-69e4aa0c1d88a-1\"  class=\"panel-grid panel-no-style\" ><div id=\"pgc-gb11569-69e4aa0c1d88a-1-0\"  class=\"panel-grid-cell\" ><div id=\"panel-gb11569-69e4aa0c1d88a-1-0-0\" class=\"so-panel widget panel-first-child panel-last-child\" data-index=\"2\" ><\/div><\/div><\/div><div id=\"pg-gb11569-69e4aa0c1d88a-2\"  class=\"panel-grid panel-no-style\" ><div id=\"pgc-gb11569-69e4aa0c1d88a-2-0\"  class=\"panel-grid-cell\" ><div id=\"panel-gb11569-69e4aa0c1d88a-2-0-0\" class=\"so-panel widget panel-first-child panel-last-child\" data-index=\"3\" ><\/div><\/div><\/div><div id=\"pg-gb11569-69e4aa0c1d88a-3\"  class=\"panel-grid panel-no-style\" ><div id=\"pgc-gb11569-69e4aa0c1d88a-3-0\"  class=\"panel-grid-cell\" ><div id=\"panel-gb11569-69e4aa0c1d88a-3-0-0\" class=\"so-panel widget panel-first-child\" data-index=\"4\" ><\/div><div id=\"panel-gb11569-69e4aa0c1d88a-3-0-1\" class=\"so-panel widget widget_text\" data-index=\"5\" ><div class=\"panel-widget-style panel-widget-style-for-gb11569-69e4aa0c1d88a-3-0-1\" >\t\t\t<div class=\"textwidget\"><p><strong>Los contactos subidos por las estaciones a LdA son exclusiva responsabilidad de las mismas. Si ha detectado una mala carga de alg\u00fan QSO en particular no es LdA quien debe solucionar el problema. P\u00f3ngase en contacto con la instituci\u00f3n organizadora a tal fin o con la estaci\u00f3n contactada buscando sus datos en\u00a0 <a href=\"https:\/\/logdeargentina.com.ar\/wp\/?page_id=17\" target=\"_blank\" rel=\"noopener\">USUARIOS DE LdA.<\/a><\/strong><\/p>\n<\/div>\n\t\t<\/div><\/div><div id=\"panel-gb11569-69e4aa0c1d88a-3-0-2\" class=\"so-panel widget widget_text panel-last-child\" data-index=\"6\" ><div class=\"panel-widget-style panel-widget-style-for-gb11569-69e4aa0c1d88a-3-0-2\" >\t\t\t<div class=\"textwidget\"><p><em><strong>\u00abEl certificado es v\u00e1lido para la comprobaci\u00f3n de actividad de radioaficionado.\u00bb<\/strong><\/em><\/p>\n<\/div>\n\t\t<\/div><\/div><\/div><\/div><\/div>\n\n\n<hr class=\"wp-block-separator has-text-color has-luminous-vivid-orange-color has-css-opacity has-luminous-vivid-orange-background-color has-background is-style-wide\"\/>\n\n\n\n\n\n<hr class=\"wp-block-separator has-text-color has-vivid-cyan-blue-color has-alpha-channel-opacity has-vivid-cyan-blue-background-color has-background is-style-wide\"\/>\n\n\n<div id=\"pl-gb11569-69e4aa0c1fa01\"  class=\"panel-layout wp-block-siteorigin-panels-layout-block\" ><div id=\"pg-gb11569-69e4aa0c1fa01-0\"  class=\"panel-grid panel-no-style\" ><div id=\"pgc-gb11569-69e4aa0c1fa01-0-0\"  class=\"panel-grid-cell\" ><div id=\"panel-gb11569-69e4aa0c1fa01-0-0-0\" class=\"so-panel widget panel-first-child panel-last-child\" data-index=\"0\" ><\/div><\/div><\/div><\/div>\n\n","protected":false},"excerpt":{"rendered":"","protected":false},"author":13,"featured_media":0,"parent":71,"menu_order":0,"comment_status":"closed","ping_status":"closed","template":"","meta":[],"_links":{"self":[{"href":"https:\/\/logdeargentina.com.ar\/wp\/index.php?rest_route=\/wp\/v2\/pages\/11569"}],"collection":[{"href":"https:\/\/logdeargentina.com.ar\/wp\/index.php?rest_route=\/wp\/v2\/pages"}],"about":[{"href":"https:\/\/logdeargentina.com.ar\/wp\/index.php?rest_route=\/wp\/v2\/types\/page"}],"author":[{"embeddable":true,"href":"https:\/\/logdeargentina.com.ar\/wp\/index.php?rest_route=\/wp\/v2\/users\/13"}],"replies":[{"embeddable":true,"href":"https:\/\/logdeargentina.com.ar\/wp\/index.php?rest_route=%2Fwp%2Fv2%2Fcomments&post=11569"}],"version-history":[{"count":2,"href":"https:\/\/logdeargentina.com.ar\/wp\/index.php?rest_route=\/wp\/v2\/pages\/11569\/revisions"}],"predecessor-version":[{"id":11585,"href":"https:\/\/logdeargentina.com.ar\/wp\/index.php?rest_route=\/wp\/v2\/pages\/11569\/revisions\/11585"}],"up":[{"embeddable":true,"href":"https:\/\/logdeargentina.com.ar\/wp\/index.php?rest_route=\/wp\/v2\/pages\/71"}],"wp:attachment":[{"href":"https:\/\/logdeargentina.com.ar\/wp\/index.php?rest_route=%2Fwp%2Fv2%2Fmedia&parent=11569"}],"curies":[{"name":"wp","href":"https:\/\/api.w.org\/{rel}","templated":true}]}}